{"id":523,"date":"2018-06-04T17:44:36","date_gmt":"2018-06-04T15:44:36","guid":{"rendered":"http:\/\/romanillos.org\/?page_id=523"},"modified":"2018-06-06T20:20:03","modified_gmt":"2018-06-06T18:20:03","slug":"activities-2017","status":"publish","type":"page","link":"http:\/\/romanillos.org\/?page_id=523","title":{"rendered":"Activities 2017"},"content":{"rendered":"<p>\u2022\u00a0\u00a0\u00a0 Documentary, Saturday 17th June 5 p.m. Romanillos Guitar maker<br \/>\n\u2022\u00a0\u00a0\u00a0 Antigoni Goni, Spanish guitar concert, Saturday 17th June 8 p.m. P\u00f3sito Theatre, Sig\u00fcenza. Celebrating the 85th birthday of Dr. Jos\u00e9 Luis Romanillos Vega<br \/>\n\u2022\u00a0\u00a0\u00a0 Joan Pellisa, lecture about Antonio Torres to celebrate the 200th anniversary of his birth, Sunday 18th June 12 a.m. P\u00f3sito Theatre, Sig\u00fcenza.<br \/>\n\u2022\u00a0\u00a0\u00a0 Carmen Jim\u00e9nez &#038; Carles Trepat, Spanish guitar concert celebrating the 200th anniversary of the birth of Antonio Torres, the guitar maker from Almer\u00eda, Sunday 18th June 8 p.m. P\u00f3sito Theatre, Sig\u00fcenza.<br \/>\n\u2022\u00a0\u00a0\u00a0 David Monge, flamenco guitar concert, Friday 25th August 8 p.m. Ermita de San Roque, Sig\u00fcenza.<br \/>\n\u2022\u00a0\u00a0\u00a0 Silvia Nogales, Spanish guitar, &amp; Esther Acevedo, poetry, Saturday 11th November 8-30 p.m. P\u00f3sito Theatre, Sig\u00fcenza.<\/p>\n","protected":false},"excerpt":{"rendered":"<p>\u2022\u00a0\u00a0\u00a0 Documentary, Saturday 17th June 5 p.m. Romanillos Guitar maker \u2022\u00a0\u00a0\u00a0 Antigoni Goni, Spanish guitar concert, Saturday 17th June 8 p.m. P\u00f3sito Theatre, Sig\u00fcenza. Celebrating the 85th birthday of Dr. Jos\u00e9 Luis Romanillos Vega \u2022\u00a0\u00a0\u00a0 Joan Pellisa, lecture about Antonio &hellip; <a href=\"http:\/\/romanillos.org\/?page_id=523\">Sigue leyendo <span class=\"meta-nav\">&rarr;<\/span><\/a><\/p>\n","protected":false},"author":2,"featured_media":0,"parent":0,"menu_order":0,"comment_status":"closed","ping_status":"open","template":"","meta":{"footnotes":""},"_links":{"self":[{"href":"http:\/\/romanillos.org\/index.php?rest_route=\/wp\/v2\/pages\/523"}],"collection":[{"href":"http:\/\/romanillos.org\/index.php?rest_route=\/wp\/v2\/pages"}],"about":[{"href":"http:\/\/romanillos.org\/index.php?rest_route=\/wp\/v2\/types\/page"}],"author":[{"embeddable":true,"href":"http:\/\/romanillos.org\/index.php?rest_route=\/wp\/v2\/users\/2"}],"replies":[{"embeddable":true,"href":"http:\/\/romanillos.org\/index.php?rest_route=%2Fwp%2Fv2%2Fcomments&post=523"}],"version-history":[{"count":2,"href":"http:\/\/romanillos.org\/index.php?rest_route=\/wp\/v2\/pages\/523\/revisions"}],"predecessor-version":[{"id":528,"href":"http:\/\/romanillos.org\/index.php?rest_route=\/wp\/v2\/pages\/523\/revisions\/528"}],"wp:attachment":[{"href":"http:\/\/romanillos.org\/index.php?rest_route=%2Fwp%2Fv2%2Fmedia&parent=523"}],"curies":[{"name":"wp","href":"https:\/\/api.w.org\/{rel}","templated":true}]}}