{"id":515,"date":"2018-06-04T17:39:45","date_gmt":"2018-06-04T15:39:45","guid":{"rendered":"http:\/\/romanillos.org\/?page_id=515"},"modified":"2018-06-04T17:39:45","modified_gmt":"2018-06-04T15:39:45","slug":"activities-2016","status":"publish","type":"page","link":"http:\/\/romanillos.org\/?page_id=515","title":{"rendered":"Activities 2016"},"content":{"rendered":"<p>Andrea Dieci, Spanish guitar concert, Saturday 4th June at 8 p.m. Ermita de San Roque, Sig\u00fcenza<br \/>\n\u2022\u00a0\u00a0\u00a0 Duetto Galante, Miriam Rubio romantic guitar &amp; Luis Ll\u00e1cer viola, Saturday 18th June 8 p.m. Ermita de San Roque, Sig\u00fcenza<br \/>\n\u2022\u00a0\u00a0\u00a0 Orquesta de Guitarras de Madrid, guitarra espa\u00f1ola, Sunday 3rd July 8 p.m. P\u00f3sito Theatre, calle del Peso, Sig\u00fcenza<br \/>\n\u2022\u00a0\u00a0\u00a0 Navid Zandaveh, Spanish guitar concert, Saturday 16th July, 8 p.m. Ermita de San Roque, Sig\u00fcenza<br \/>\n\u2022\u00a0\u00a0\u00a0 Antigoni Goni, Spanish guitar concert, Tuesday 22nd November 8-30 p.m. P\u00f3sito Theatre, calle del Peso, Sig\u00fcenza<\/p>\n","protected":false},"excerpt":{"rendered":"<p>Andrea Dieci, Spanish guitar concert, Saturday 4th June at 8 p.m. Ermita de San Roque, Sig\u00fcenza \u2022\u00a0\u00a0\u00a0 Duetto Galante, Miriam Rubio romantic guitar &amp; Luis Ll\u00e1cer viola, Saturday 18th June 8 p.m. Ermita de San Roque, Sig\u00fcenza \u2022\u00a0\u00a0\u00a0 Orquesta de &hellip; <a href=\"http:\/\/romanillos.org\/?page_id=515\">Sigue leyendo <span class=\"meta-nav\">&rarr;<\/span><\/a><\/p>\n","protected":false},"author":2,"featured_media":0,"parent":0,"menu_order":0,"comment_status":"closed","ping_status":"open","template":"","meta":{"footnotes":""},"_links":{"self":[{"href":"http:\/\/romanillos.org\/index.php?rest_route=\/wp\/v2\/pages\/515"}],"collection":[{"href":"http:\/\/romanillos.org\/index.php?rest_route=\/wp\/v2\/pages"}],"about":[{"href":"http:\/\/romanillos.org\/index.php?rest_route=\/wp\/v2\/types\/page"}],"author":[{"embeddable":true,"href":"http:\/\/romanillos.org\/index.php?rest_route=\/wp\/v2\/users\/2"}],"replies":[{"embeddable":true,"href":"http:\/\/romanillos.org\/index.php?rest_route=%2Fwp%2Fv2%2Fcomments&post=515"}],"version-history":[{"count":1,"href":"http:\/\/romanillos.org\/index.php?rest_route=\/wp\/v2\/pages\/515\/revisions"}],"predecessor-version":[{"id":516,"href":"http:\/\/romanillos.org\/index.php?rest_route=\/wp\/v2\/pages\/515\/revisions\/516"}],"wp:attachment":[{"href":"http:\/\/romanillos.org\/index.php?rest_route=%2Fwp%2Fv2%2Fmedia&parent=515"}],"curies":[{"name":"wp","href":"https:\/\/api.w.org\/{rel}","templated":true}]}}