{"id":315,"date":"2013-06-02T14:17:00","date_gmt":"2013-06-02T12:17:00","guid":{"rendered":"http:\/\/romanillos.org\/?page_id=315"},"modified":"2013-06-06T12:51:01","modified_gmt":"2013-06-06T10:51:01","slug":"activities-2012","status":"publish","type":"page","link":"http:\/\/romanillos.org\/?page_id=315","title":{"rendered":"Activities 2012"},"content":{"rendered":"<\/p>\n<ul>\n<li>Spanish Guitar Making Course from 23rd of July to 5th August 2012 directed by <b>Jos\u00e9 L. Romanillos<\/b>.<\/li>\n<\/ul>\n<h4><b>Sala  de Audiciones de la Plazuela de la C\u00e1rcel, Sig\u00fcenza.<\/b><\/h4>\n<\/p>\n<ul>\n<li><b>Fernando Mar\u00edn<\/b> will give a concert of music for the Vihuela de arco accompanied by the soprano <b>Nadine Balbeisi<\/b> on 28th July 2012 at 8 p.m.<\/li>\n<li><b>Alfred Fern\u00e1ndez<\/b> will give a concert on the Vihuela de mano on 29th July 2012 at 8 p.m.<\/li>\n<\/ul>\n<h4><b>Auditorio El P\u00f3sito, calle del Peso, Sig\u00fcenza.<\/b><\/h4>\n<\/p>\n<ul>\n<li><b>Andrea Dieci<\/b> will give a concert on the Spanish Guitar on 4th August 2012 at 8 p.m.<\/li>\n<li><b>Ignacio Rodes<\/b> will give a concert on the Spanish Guitar on 18th August 2012 at 8 p.m.<\/li>\n<li><b>Masahiro Masuda<\/b> will give a concert on the Spanish Guitar on 13th October 2012 at 8 p.m.<\/li>\n<\/ul>\n","protected":false},"excerpt":{"rendered":"<p>Spanish Guitar Making Course from 23rd of July to 5th August 2012 directed by Jos\u00e9 L. Romanillos. Sala de Audiciones de la Plazuela de la C\u00e1rcel, Sig\u00fcenza. Fernando Mar\u00edn will give a concert of music for the Vihuela de arco &hellip; <a href=\"http:\/\/romanillos.org\/?page_id=315\">Sigue leyendo <span class=\"meta-nav\">&rarr;<\/span><\/a><\/p>\n","protected":false},"author":2,"featured_media":0,"parent":251,"menu_order":1,"comment_status":"closed","ping_status":"open","template":"","meta":{"footnotes":""},"_links":{"self":[{"href":"http:\/\/romanillos.org\/index.php?rest_route=\/wp\/v2\/pages\/315"}],"collection":[{"href":"http:\/\/romanillos.org\/index.php?rest_route=\/wp\/v2\/pages"}],"about":[{"href":"http:\/\/romanillos.org\/index.php?rest_route=\/wp\/v2\/types\/page"}],"author":[{"embeddable":true,"href":"http:\/\/romanillos.org\/index.php?rest_route=\/wp\/v2\/users\/2"}],"replies":[{"embeddable":true,"href":"http:\/\/romanillos.org\/index.php?rest_route=%2Fwp%2Fv2%2Fcomments&post=315"}],"version-history":[{"count":3,"href":"http:\/\/romanillos.org\/index.php?rest_route=\/wp\/v2\/pages\/315\/revisions"}],"predecessor-version":[{"id":352,"href":"http:\/\/romanillos.org\/index.php?rest_route=\/wp\/v2\/pages\/315\/revisions\/352"}],"up":[{"embeddable":true,"href":"http:\/\/romanillos.org\/index.php?rest_route=\/wp\/v2\/pages\/251"}],"wp:attachment":[{"href":"http:\/\/romanillos.org\/index.php?rest_route=%2Fwp%2Fv2%2Fmedia&parent=315"}],"curies":[{"name":"wp","href":"https:\/\/api.w.org\/{rel}","templated":true}]}}