{"id":300,"date":"2013-05-24T12:18:41","date_gmt":"2013-05-24T10:18:41","guid":{"rendered":"http:\/\/romanillos.org\/?page_id=300"},"modified":"2016-02-14T20:35:18","modified_gmt":"2016-02-14T18:35:18","slug":"actividades-2013","status":"publish","type":"page","link":"http:\/\/romanillos.org\/?page_id=300","title":{"rendered":"Actividades 2013"},"content":{"rendered":"<ul>\n<li>Domingo 30 de junio a las 20:00 horas, por <strong> David Russell<\/strong>,  guitarra, en El Sal\u00f3n de Actos de El P\u00f3sito, calle del Peso, Sig\u00fcenza<\/li>\n<li>S\u00e1bado 20 de julio a las 21:00 horas, por <strong>Jes\u00fas S\u00e1nchez<\/strong>, vihuela de mano, la\u00fad y guitarras de cuatro y cinco \u00f3rdenes en la Iglesia de Santiago, calle Mayor, Sig\u00fcenza<\/li>\n<li>S\u00e1bado 27 de julio a las 21:00 horas, por <strong>Miguel Javaloy<\/strong>, guitarra espa\u00f1ola, en El Sal\u00f3n de Actos de  El P\u00f3sito, calle del Peso, Sig\u00fcenza<\/li>\n<li>S\u00e1bado 10 de agosto a las 19:00 horas, por <strong>John Griffiths<\/strong>, vihuela de mano, conferencia y concierto, en la Iglesia de Santiago, calle Mayor, Sig\u00fcenza<\/li>\n<p>&nbsp;<\/p>\n<p>Entrada 5\u20ac<\/p>\n<p>Entrada libre para socios de la Asociaci\u00f3n<\/p>\n<p>3\u20ac para pensionistas<\/ul>\n","protected":false},"excerpt":{"rendered":"<p>Domingo 30 de junio a las 20:00 horas, por David Russell, guitarra, en El Sal\u00f3n de Actos de El P\u00f3sito, calle del Peso, Sig\u00fcenza S\u00e1bado 20 de julio a las 21:00 horas, por Jes\u00fas S\u00e1nchez, vihuela de mano, la\u00fad y &hellip; <a href=\"http:\/\/romanillos.org\/?page_id=300\">Sigue leyendo <span class=\"meta-nav\">&rarr;<\/span><\/a><\/p>\n","protected":false},"author":2,"featured_media":0,"parent":18,"menu_order":0,"comment_status":"closed","ping_status":"open","template":"","meta":{"footnotes":""},"_links":{"self":[{"href":"http:\/\/romanillos.org\/index.php?rest_route=\/wp\/v2\/pages\/300"}],"collection":[{"href":"http:\/\/romanillos.org\/index.php?rest_route=\/wp\/v2\/pages"}],"about":[{"href":"http:\/\/romanillos.org\/index.php?rest_route=\/wp\/v2\/types\/page"}],"author":[{"embeddable":true,"href":"http:\/\/romanillos.org\/index.php?rest_route=\/wp\/v2\/users\/2"}],"replies":[{"embeddable":true,"href":"http:\/\/romanillos.org\/index.php?rest_route=%2Fwp%2Fv2%2Fcomments&post=300"}],"version-history":[{"count":8,"href":"http:\/\/romanillos.org\/index.php?rest_route=\/wp\/v2\/pages\/300\/revisions"}],"predecessor-version":[{"id":308,"href":"http:\/\/romanillos.org\/index.php?rest_route=\/wp\/v2\/pages\/300\/revisions\/308"}],"up":[{"embeddable":true,"href":"http:\/\/romanillos.org\/index.php?rest_route=\/wp\/v2\/pages\/18"}],"wp:attachment":[{"href":"http:\/\/romanillos.org\/index.php?rest_route=%2Fwp%2Fv2%2Fmedia&parent=300"}],"curies":[{"name":"wp","href":"https:\/\/api.w.org\/{rel}","templated":true}]}}