{"id":294,"date":"2013-05-24T11:56:56","date_gmt":"2013-05-24T09:56:56","guid":{"rendered":"http:\/\/romanillos.org\/?page_id=294"},"modified":"2013-06-06T12:50:38","modified_gmt":"2013-06-06T10:50:38","slug":"actividades-2012","status":"publish","type":"page","link":"http:\/\/romanillos.org\/?page_id=294","title":{"rendered":"Actividades 2012"},"content":{"rendered":"<ul>\n<li>Curso de Construcci\u00f3n de Guitarra Espa\u00f1ola del 23 de julio al 5 de agosto 2012 bajo la direcci\u00f3n de <strong>Jos\u00e9 L. Romanillos<\/strong>.<\/li>\n<\/ul>\n<h4><strong>Sala  de Audiciones de la Plazuela de la C\u00e1rcel, Sig\u00fcenza.<\/strong><\/h4>\n<ul>\n<li>Concierto de m\u00fasica de Vihuela de arco por <strong>Fernando Mar\u00edn<\/strong> y la soprano <strong>Nadine Balbeisi<\/strong> el d\u00eda  28 de julio de 2012  a las 20:00 horas.<\/li>\n<li>Concierto de m\u00fasica de Vihuela de mano por <strong>Alfred Fern\u00e1ndez<\/strong> el d\u00eda 29 de julio de 2012 a las 20:00 horas.<\/li>\n<\/ul>\n<h4><strong>Auditorio El P\u00f3sito, calle del Peso, Sig\u00fcenza.<\/strong><\/h4>\n<ul>\n<li>Concierto de Guitarra Espa\u00f1ola por <strong>Andrea Dieci<\/strong> el d\u00eda 4 de agosto de 2012 a las 20.00 horas.<\/li>\n<li>Concierto de Guitarra Espa\u00f1ola por <strong>Ignacio Rodes<\/strong> el d\u00eda 18 de agosto de 2012 a las 20.00 horas.<\/li>\n<li>Concierto de Guitarra Espa\u00f1ola por <strong>Masahiro Masuda<\/strong> el d\u00eda 13 de octubre de 2012 a las 20.00 horas.<\/li>\n<\/ul>\n","protected":false},"excerpt":{"rendered":"<p>Curso de Construcci\u00f3n de Guitarra Espa\u00f1ola del 23 de julio al 5 de agosto 2012 bajo la direcci\u00f3n de Jos\u00e9 L. Romanillos. Sala de Audiciones de la Plazuela de la C\u00e1rcel, Sig\u00fcenza. Concierto de m\u00fasica de Vihuela de arco por &hellip; <a href=\"http:\/\/romanillos.org\/?page_id=294\">Sigue leyendo <span class=\"meta-nav\">&rarr;<\/span><\/a><\/p>\n","protected":false},"author":2,"featured_media":0,"parent":18,"menu_order":1,"comment_status":"closed","ping_status":"open","template":"","meta":{"footnotes":""},"_links":{"self":[{"href":"http:\/\/romanillos.org\/index.php?rest_route=\/wp\/v2\/pages\/294"}],"collection":[{"href":"http:\/\/romanillos.org\/index.php?rest_route=\/wp\/v2\/pages"}],"about":[{"href":"http:\/\/romanillos.org\/index.php?rest_route=\/wp\/v2\/types\/page"}],"author":[{"embeddable":true,"href":"http:\/\/romanillos.org\/index.php?rest_route=\/wp\/v2\/users\/2"}],"replies":[{"embeddable":true,"href":"http:\/\/romanillos.org\/index.php?rest_route=%2Fwp%2Fv2%2Fcomments&post=294"}],"version-history":[{"count":7,"href":"http:\/\/romanillos.org\/index.php?rest_route=\/wp\/v2\/pages\/294\/revisions"}],"predecessor-version":[{"id":351,"href":"http:\/\/romanillos.org\/index.php?rest_route=\/wp\/v2\/pages\/294\/revisions\/351"}],"up":[{"embeddable":true,"href":"http:\/\/romanillos.org\/index.php?rest_route=\/wp\/v2\/pages\/18"}],"wp:attachment":[{"href":"http:\/\/romanillos.org\/index.php?rest_route=%2Fwp%2Fv2%2Fmedia&parent=294"}],"curies":[{"name":"wp","href":"https:\/\/api.w.org\/{rel}","templated":true}]}}