{"id":251,"date":"2011-07-11T20:38:12","date_gmt":"2011-07-11T18:38:12","guid":{"rendered":"http:\/\/romanillos.org\/?page_id=251"},"modified":"2013-06-06T18:20:28","modified_gmt":"2013-06-06T16:20:28","slug":"en-programmes-and-publications","status":"publish","type":"page","link":"http:\/\/romanillos.org\/?page_id=251","title":{"rendered":"Programmes &#038; Publications"},"content":{"rendered":"<p>The Centre\/Museum plans to organise <strong>annual programmes<\/strong> with the<br \/>\nfollowing activities:<\/p>\n<ul>\n<li>Lectures, Courses and Seminars  to study the origins, development and importance of the history of the vihuela de mano and its descendant the Spanish guitar.\n<div class=\"alignright size-medium wp-image-81\"><img decoding=\"async\" title=\"Jos\u00e9 Luis Romanillos on the Vihuela de Mano Course in 2010.\" src=\"http:\/\/romanillos.org\/wp-content\/uploads\/2011\/01\/The_vihuela_Course._Museum_instruments._230-300x168.jpg\" alt=\"\" \/><br \/>\n<span style=\"font-size: x-small;\"><em><strong>Jos\u00e9 Luis Romanillos on the Vihuela de Mano Course in 2010.<\/strong><\/em><\/span><\/div>\n<\/li>\n<li>Temporary exhibitions of vihuelas de mano  and guitars organised by the Centre\/Museum  as well as in conjunction with  other Spanish and foreign institutions.<\/li>\n<li>Restoration and construction of instruments in workshops with practical Courses.<\/li>\n<li>Concerts and recordings of music with antique instruments.<\/li>\n<li>Publications about themes related to stringed musical instrument making.<\/li>\n<\/ul>\n<p>The Centre\/Museum, in collaboration with the Diputaci\u00f3n Provincial de Guadalajara, is creating a library relating to all the subjects dealing with the history and construction of  plucked  musical instruments. Also there are plans  to catalogue and digitize the Santos Hern\u00e1ndez Archive and the Romanillos-Harris Archive which eventually will be made available to  investigators and people interested in the subject.<\/p>\n<div class=\"alignright size-medium wp-image-81\"><img decoding=\"async\" title=\"Vihuela de Mano Course in 2010.\" src=\"http:\/\/romanillos.org\/wp-content\/uploads\/2011\/01\/The_vihuela_Course._Museum_instruments._087-300x168.jpg\" alt=\"\" \/><br \/>\n<span style=\"font-size: x-small;\"><em><strong>Vihuela de Mano Course in 2010.<\/strong><\/em><\/span><\/div>\n<p>The Centre\/Museum will welcome  collections of stringed musical instruments and documents related to stringed musical instruments whose owners wish to donate, deposit or lend temporarily with the idea to catalogue, digitize, exhibit or to restore.<\/p>\n<p>&nbsp;<\/p>\n<p>The Centre\/Museum is promoted by the Diputaci\u00f3n Provincial de Guadalajara with the collaboration of the Consejer\u00eda de Cultura de la Junta de Comunidades de Castilla-La Mancha,  the University of Alcal\u00e1 de Henares, the Ayuntamiento de Sig\u00fcenza and is directed by the famous Spanish stringed musical instrument maker, Jos\u00e9 Luis Romanillos Vega.<\/p>\n<div class=\"aligncenter size-medium wp-image-81\"><img loading=\"lazy\" decoding=\"async\" class=\"aligncenter\" title=\"Participants on the Vihuela de Mano Course in 2010.\" src=\"http:\/\/romanillos.org\/r\/wp-content\/uploads\/2011\/01\/The_vihuela_Course._Museum_instruments._234-300x168.jpg\" alt=\"\" width=\"300\" height=\"168\" \/><br \/>\n<span style=\"font-size: x-small;\"><em><strong>Participants on the Vihuela de Mano Course in 2010.<\/strong><\/em><\/span><\/div>\n","protected":false},"excerpt":{"rendered":"<p>The Centre\/Museum plans to organise annual programmes with the following activities: Lectures, Courses and Seminars to study the origins, development and importance of the history of the vihuela de mano and its descendant the Spanish guitar. Jos\u00e9 Luis Romanillos on &hellip; <a href=\"http:\/\/romanillos.org\/?page_id=251\">Sigue leyendo <span class=\"meta-nav\">&rarr;<\/span><\/a><\/p>\n","protected":false},"author":1,"featured_media":0,"parent":0,"menu_order":12,"comment_status":"closed","ping_status":"open","template":"","meta":{"footnotes":""},"_links":{"self":[{"href":"http:\/\/romanillos.org\/index.php?rest_route=\/wp\/v2\/pages\/251"}],"collection":[{"href":"http:\/\/romanillos.org\/index.php?rest_route=\/wp\/v2\/pages"}],"about":[{"href":"http:\/\/romanillos.org\/index.php?rest_route=\/wp\/v2\/types\/page"}],"author":[{"embeddable":true,"href":"http:\/\/romanillos.org\/index.php?rest_route=\/wp\/v2\/users\/1"}],"replies":[{"embeddable":true,"href":"http:\/\/romanillos.org\/index.php?rest_route=%2Fwp%2Fv2%2Fcomments&post=251"}],"version-history":[{"count":6,"href":"http:\/\/romanillos.org\/index.php?rest_route=\/wp\/v2\/pages\/251\/revisions"}],"predecessor-version":[{"id":253,"href":"http:\/\/romanillos.org\/index.php?rest_route=\/wp\/v2\/pages\/251\/revisions\/253"}],"wp:attachment":[{"href":"http:\/\/romanillos.org\/index.php?rest_route=%2Fwp%2Fv2%2Fmedia&parent=251"}],"curies":[{"name":"wp","href":"https:\/\/api.w.org\/{rel}","templated":true}]}}