{"id":228,"date":"2011-07-11T20:01:07","date_gmt":"2011-07-11T18:01:07","guid":{"rendered":"http:\/\/romanillos.org\/?page_id=228"},"modified":"2018-06-04T17:31:23","modified_gmt":"2018-06-04T15:31:23","slug":"en-instrument-collection","status":"publish","type":"page","link":"http:\/\/romanillos.org\/?page_id=228","title":{"rendered":"Instrument Collection exhibited in the Centre"},"content":{"rendered":"<p>Josef Pag\u00e9s, C\u00e1diz, 1818<\/p>\n<p>Jos\u00e9 Hierro, C\u00e1diz, 1845<\/p>\n<p>Jaime L\u00f3pez, Valencia, c.1920<\/p>\n<p>Jos\u00e9 Ramirez, Madrid, 1929<\/p>\n<p>Anonymous, Mirecourt, France, c.1830<\/p>\n<p>Ren\u00e9 Lac\u00f4te, Paris, 1829<\/p>\n<p>F\u00f6tisch Fr\u00e8res, Suiza, c.1890<\/p>\n<p>Wolf &amp; Co. Klingenthat, Germany, c.1900<\/p>\n<p>Anonymous, Germany, c.1889<\/p>\n<p>Anonymous, Germany, c.1900<\/p>\n<p>Anonymous, Germany, c.1890<\/p>\n<p>Attributed to Panormo, London, c.1840<\/p>\n<p>Anonymous, London, c.1840<\/p>\n<p>C.F.Martin, New York, 1874<\/p>\n","protected":false},"excerpt":{"rendered":"<p>Josef Pag\u00e9s, C\u00e1diz, 1818 Jos\u00e9 Hierro, C\u00e1diz, 1845 Jaime L\u00f3pez, Valencia, c.1920 Jos\u00e9 Ramirez, Madrid, 1929 Anonymous, Mirecourt, France, c.1830 Ren\u00e9 Lac\u00f4te, Paris, 1829 F\u00f6tisch Fr\u00e8res, Suiza, c.1890 Wolf &amp; Co. Klingenthat, Germany, c.1900 Anonymous, Germany, c.1889 Anonymous, Germany, c.1900 &hellip; <a href=\"http:\/\/romanillos.org\/?page_id=228\">Sigue leyendo <span class=\"meta-nav\">&rarr;<\/span><\/a><\/p>\n","protected":false},"author":1,"featured_media":0,"parent":0,"menu_order":10,"comment_status":"closed","ping_status":"open","template":"","meta":{"footnotes":""},"_links":{"self":[{"href":"http:\/\/romanillos.org\/index.php?rest_route=\/wp\/v2\/pages\/228"}],"collection":[{"href":"http:\/\/romanillos.org\/index.php?rest_route=\/wp\/v2\/pages"}],"about":[{"href":"http:\/\/romanillos.org\/index.php?rest_route=\/wp\/v2\/types\/page"}],"author":[{"embeddable":true,"href":"http:\/\/romanillos.org\/index.php?rest_route=\/wp\/v2\/users\/1"}],"replies":[{"embeddable":true,"href":"http:\/\/romanillos.org\/index.php?rest_route=%2Fwp%2Fv2%2Fcomments&post=228"}],"version-history":[{"count":11,"href":"http:\/\/romanillos.org\/index.php?rest_route=\/wp\/v2\/pages\/228\/revisions"}],"predecessor-version":[{"id":509,"href":"http:\/\/romanillos.org\/index.php?rest_route=\/wp\/v2\/pages\/228\/revisions\/509"}],"wp:attachment":[{"href":"http:\/\/romanillos.org\/index.php?rest_route=%2Fwp%2Fv2%2Fmedia&parent=228"}],"curies":[{"name":"wp","href":"https:\/\/api.w.org\/{rel}","templated":true}]}}