{"id":20,"date":"2011-01-07T00:44:08","date_gmt":"2011-01-06T23:44:08","guid":{"rendered":"http:\/\/romanillos.org\/r\/?page_id=20"},"modified":"2016-11-16T12:21:26","modified_gmt":"2016-11-16T10:21:26","slug":"es-casa-del-doncel-siguenza-guadalajara","status":"publish","type":"page","link":"http:\/\/romanillos.org\/?page_id=20","title":{"rendered":"Casa del Doncel, Sig\u00fcenza, Guadalajara"},"content":{"rendered":"<div class=\"alignleft size-medium wp-image-81\"><img decoding=\"async\" title=\"Casa del Doncel\" src=\"http:\/\/romanillos.org\/wp-content\/uploads\/2011\/01\/DSC_4706-300x199.jpg\" alt=\"\" \/><br \/>\n<span style=\"font-size: x-small;\"><em><strong>Casa del Doncel<\/strong><\/em><\/span><\/div>\n<p>La Casa del Doncel es un edificio de estilo g\u00f3tico civil, situado en el coraz\u00f3n de la  ciudad medieval de Sig\u00fcenza.  Su construcci\u00f3n comenz\u00f3 en el siglo XIII, pero hasta principios del siglo XVI no estuvo completamente terminada.  El Centro de la Vihuela de Mano y la Guitarra Espa\u00f1ola \u00abJos\u00e9 Luis Romanillos\u00bb est\u00e1 actualmente ubicado en este emblem\u00e1tico edificio.<\/p>\n<p><strong>El Museo de la Guitarra en la Casa del Doncel, Sig\u00fcenza est\u00e1 abierto en las siguientes horas:<\/strong><\/p>\n<p>sabado 11.00 a 14.00 y 16.00 a 19.00<\/p>\n<p>domingo 11.00 a 14.00<\/p>\n<p>Dias de Fiesta<\/p>\n<p><a href=\"http:\/\/www.siguenza.es\/\">M\u00e1s informaci\u00f3n sobre Sig\u00fcenza<\/a>.<\/p>\n","protected":false},"excerpt":{"rendered":"<p>Casa del Doncel La Casa del Doncel es un edificio de estilo g\u00f3tico civil, situado en el coraz\u00f3n de la ciudad medieval de Sig\u00fcenza. Su construcci\u00f3n comenz\u00f3 en el siglo XIII, pero hasta principios del siglo XVI no estuvo completamente &hellip; <a href=\"http:\/\/romanillos.org\/?page_id=20\">Sigue leyendo <span class=\"meta-nav\">&rarr;<\/span><\/a><\/p>\n","protected":false},"author":1,"featured_media":0,"parent":0,"menu_order":5,"comment_status":"closed","ping_status":"open","template":"","meta":{"footnotes":""},"_links":{"self":[{"href":"http:\/\/romanillos.org\/index.php?rest_route=\/wp\/v2\/pages\/20"}],"collection":[{"href":"http:\/\/romanillos.org\/index.php?rest_route=\/wp\/v2\/pages"}],"about":[{"href":"http:\/\/romanillos.org\/index.php?rest_route=\/wp\/v2\/types\/page"}],"author":[{"embeddable":true,"href":"http:\/\/romanillos.org\/index.php?rest_route=\/wp\/v2\/users\/1"}],"replies":[{"embeddable":true,"href":"http:\/\/romanillos.org\/index.php?rest_route=%2Fwp%2Fv2%2Fcomments&post=20"}],"version-history":[{"count":31,"href":"http:\/\/romanillos.org\/index.php?rest_route=\/wp\/v2\/pages\/20\/revisions"}],"predecessor-version":[{"id":58,"href":"http:\/\/romanillos.org\/index.php?rest_route=\/wp\/v2\/pages\/20\/revisions\/58"}],"wp:attachment":[{"href":"http:\/\/romanillos.org\/index.php?rest_route=%2Fwp%2Fv2%2Fmedia&parent=20"}],"curies":[{"name":"wp","href":"https:\/\/api.w.org\/{rel}","templated":true}]}}